{"id":758,"date":"2025-05-14T06:57:44","date_gmt":"2025-05-14T06:57:44","guid":{"rendered":"https:\/\/www.dr-boukhris.co.il\/pose-daerateurs-trans-tympaniques-chez-lenfant-yo-yos-drains\/"},"modified":"2025-06-08T07:06:16","modified_gmt":"2025-06-08T07:06:16","slug":"pose-daerateurs-trans-tympaniques-chez-lenfant-yo-yos-drains","status":"publish","type":"page","link":"https:\/\/www.dr-boukhris.co.il\/fr\/pose-daerateurs-trans-tympaniques-chez-lenfant-yo-yos-drains\/","title":{"rendered":"Pose d\u2019a\u00e9rateurs trans-tympaniques chez l\u2019enfant (yo-yos, drains)"},"content":{"rendered":"\t\t<div data-elementor-type=\"wp-page\" data-elementor-id=\"758\" class=\"elementor elementor-758 elementor-353\" data-elementor-post-type=\"page\">\n\t\t\t\t<div class=\"elementor-element elementor-element-de89627 e-flex e-con-boxed e-con e-parent\" data-id=\"de89627\" data-element_type=\"container\" data-e-type=\"container\">\n\t\t\t\t\t<div class=\"e-con-inner\">\n\t\t\t\t<div class=\"elementor-element elementor-element-02c0865 elementor-widget__width-initial elementor-widget elementor-widget-text-editor\" data-id=\"02c0865\" data-element_type=\"widget\" data-e-type=\"widget\" data-widget_type=\"text-editor.default\">\n\t\t\t\t<div class=\"elementor-widget-container\">\n\t\t\t\t\t\t\t\t\t<h3>1. Qu\u2019est-ce que c\u2019est ?<\/h3>\nLa pose d\u2019a\u00e9rateurs trans-tympaniques, aussi appel\u00e9s \u201cyo-yos\u201d, \u201cdrains tympaniques\u201d ou \u201cdiabolos\u201d, est une intervention ORL fr\u00e9quente chez l\u2019enfant.\nElle consiste \u00e0 ins\u00e9rer un petit dispositif en plastique ou en silicone dans le tympan pour permettre une a\u00e9ration de l\u2019oreille moyenne et \u00e9vacuer le liquide qui s\u2019y accumule.\nCe geste est souvent propos\u00e9 en cas d\u2019otites s\u00e9reuses persistantes, d\u2019otites \u00e0 r\u00e9p\u00e9tition ou de troubles de l\u2019audition li\u00e9s \u00e0 une mauvaise ventilation de l\u2019oreille moyenne.\n<h3>2. Pourquoi une intervention est-elle propos\u00e9e ?<\/h3>\nLes recommandations scientifiques proposent la pose de yo-yos dans les cas suivants :\n<ul>\n \t<li>Otite s\u00e9reuse chronique bilat\u00e9rale avec une perte auditive &gt; 25 dB, pendant plus de 3 mois<\/li>\n \t<li>Otites moyennes aigu\u00ebs r\u00e9cidivantes<\/li>\n \t<li>Retard de langage ou difficult\u00e9s scolaires li\u00e9s \u00e0 une perte auditive conductrice<\/li>\n \t<li>\u00c9panchement unilat\u00e9ral persistant avec tympan r\u00e9tract\u00e9, ou signes de dysfonction tubaire s\u00e9v\u00e8re<\/li>\n \t<li>Autres indications particuli\u00e8res : fente palatine, syndrome de Down, malformation de la trompe d\u2019Eustache, etc.<\/li>\n<\/ul>\n<h3>3. Consultation pr\u00e9op\u00e9ratoire<\/h3>\nElle permet de :\n<ul>\n \t<li>V\u00e9rifier les indications op\u00e9ratoires<\/li>\n \t<li>R\u00e9aliser ou v\u00e9rifier l\u2019audiogramme et le tympanogramme<\/li>\n \t<li>Parfois, effectuer une nasofibroscopie pour \u00e9valuer les v\u00e9g\u00e9tations ad\u00e9no\u00efdes qui peuvent jouer un r\u00f4le<\/li>\n<\/ul>\n<h3>4. Pr\u00e9paration avant l\u2019op\u00e9ration<\/h3>\nExamens et documents \u00e0 apporter le jour de l\u2019intervention :\n<ul>\n \t<li>Bilan sanguin et autres examens (si prescrit)<\/li>\n \t<li>Hafnaya (ordonnance), hitha\u00efvout, r\u00e9sultats d\u2019audiogrammes.<\/li>\n<\/ul><br>Instructions sp\u00e9cifiques :\n<ul>\n \t<li>\u00catre \u00e0 jeun : pas de nourriture ni boisson 6 heures avant l\u2019op\u00e9ration<\/li>\n \t<li>Eau claire autoris\u00e9e jusqu\u2019\u00e0 2 heures avant<\/li>\n \t<li>Signaler toute fi\u00e8vre, toux ou infection r\u00e9cente<\/li>\n<\/ul>\n<h3>5. D\u00e9roulement de l\u2019intervention<\/h3>\n<span style=\"background-color: transparent;\">Anesth\u00e9sie g\u00e9n\u00e9rale courte<\/span>\n<span style=\"background-color: transparent;\">Dur\u00e9e : 10 \u00e0 15 minutes<\/span>\n\nGeste :\n<ul>\n \t<li>Paracent\u00e8se (petite incision du tympan)<\/li>\n \t<li>Aspiration du liquide de l\u2019oreille moyenne<\/li>\n \t<li>Mise en place du drain (yo-yo)<\/li>\n \t<li>Possibilit\u00e9 d\u2019ablation des v\u00e9g\u00e9tations ad\u00e9no\u00efdes au cours du m\u00eame temps op\u00e9ratoire si n\u00e9cessaire<\/li>\n<\/ul>\n<h3>6. Suites op\u00e9ratoires et r\u00e9cup\u00e9ration<\/h3>\n<ul>\n \t<li>Sortie le jour m\u00eame (ambulatoire)<\/li>\n \t<li>L\u2019enfant peut reprendre une vie normale d\u00e8s 2-3 jours apr\u00e8s la chirurgie<\/li>\n \t<li>Pas de douleurs majeures<\/li>\n \t<li>Parfois un petit \u00e9coulement de l\u2019oreille, voire quelques gouttes de sang dans les heures qui suivent : \u00e0 surveiller si persistant<\/li>\n \t<li>Am\u00e9lioration progressive de l\u2019audition<\/li>\n<\/ul>\n<h3>7. Recommandations apr\u00e8s l\u2019intervention<\/h3>\n<ul>\n \t<li>Bains et douche autoris\u00e9s<\/li>\n \t<li>Piscine g\u00e9n\u00e9ralement autoris\u00e9e (\u00e0 discuter avec le chirurgien)<\/li>\n \t<li>Contr\u00f4le ORL 1 mois apr\u00e8s avec un audiogramme, puis tous les 3 \u00e0 6 mois<\/li>\n<\/ul>\n<h3>8. Complications possibles (rares)<\/h3>\n<ul>\n \t<li>Otorrh\u00e9e (\u00e9coulement) : fr\u00e9quent, souvent b\u00e9nin, trait\u00e9 localement par gouttes<\/li>\n \t<li>Obstruction ou expulsion pr\u00e9matur\u00e9e du drain<\/li>\n \t<li>Perforation tympanique r\u00e9siduelle (rare)<\/li>\n \t<li>Tympanoscl\u00e9rose : \u00e9paississement du tympan sans impact significatif sur l\u2019audition<\/li>\n<\/ul>\t\t\t\t\t\t\t\t<\/div>\n\t\t\t\t<\/div>\n\t\t\t\t\t<\/div>\n\t\t\t\t<\/div>\n\t\t<div class=\"elementor-element elementor-element-099af22 e-flex e-con-boxed e-con e-parent\" data-id=\"099af22\" data-element_type=\"container\" data-e-type=\"container\">\n\t\t\t\t\t<div class=\"e-con-inner\">\n\t\t\t\t<div class=\"elementor-element elementor-element-f77281c elementor-widget elementor-widget-heading\" data-id=\"f77281c\" data-element_type=\"widget\" data-e-type=\"widget\" data-widget_type=\"heading.default\">\n\t\t\t\t<div class=\"elementor-widget-container\">\n\t\t\t\t\t<h4 class=\"elementor-heading-title elementor-size-default\">Foire aux questions<\/h4>\t\t\t\t<\/div>\n\t\t\t\t<\/div>\n\t\t\t\t<div class=\"elementor-element elementor-element-fdd4360 elementor-widget__width-initial elementor-widget elementor-widget-n-accordion\" data-id=\"fdd4360\" data-element_type=\"widget\" data-e-type=\"widget\" data-settings=\"{&quot;default_state&quot;:&quot;expanded&quot;,&quot;max_items_expended&quot;:&quot;one&quot;,&quot;n_accordion_animation_duration&quot;:{&quot;unit&quot;:&quot;ms&quot;,&quot;size&quot;:400,&quot;sizes&quot;:[]}}\" data-widget_type=\"nested-accordion.default\">\n\t\t\t\t<div class=\"elementor-widget-container\">\n\t\t\t\t\t\t\t<div class=\"e-n-accordion\" aria-label=\"Accordion. Open links with Enter or Space, close with Escape, and navigate with Arrow Keys\">\n\t\t\t\t\t\t<details id=\"e-n-accordion-item-2660\" class=\"e-n-accordion-item\" open>\n\t\t\t\t<summary class=\"e-n-accordion-item-title\" data-accordion-index=\"1\" tabindex=\"0\" aria-expanded=\"true\" aria-controls=\"e-n-accordion-item-2660\" >\n\t\t\t\t\t<span class='e-n-accordion-item-title-header'><div class=\"e-n-accordion-item-title-text\"> Est-ce douloureux ? <\/div><\/span>\n\t\t\t\t\t\t\t<span class='e-n-accordion-item-title-icon'>\n\t\t\t<span class='e-opened' ><svg aria-hidden=\"true\" class=\"e-font-icon-svg e-fas-arrow-up\" viewBox=\"0 0 448 512\" xmlns=\"http:\/\/www.w3.org\/2000\/svg\"><path d=\"M34.9 289.5l-22.2-22.2c-9.4-9.4-9.4-24.6 0-33.9L207 39c9.4-9.4 24.6-9.4 33.9 0l194.3 194.3c9.4 9.4 9.4 24.6 0 33.9L413 289.4c-9.5 9.5-25 9.3-34.3-.4L264 168.6V456c0 13.3-10.7 24-24 24h-32c-13.3 0-24-10.7-24-24V168.6L69.2 289.1c-9.3 9.8-24.8 10-34.3.4z\"><\/path><\/svg><\/span>\n\t\t\t<span class='e-closed'><svg aria-hidden=\"true\" class=\"e-font-icon-svg e-fas-arrow-down\" viewBox=\"0 0 448 512\" xmlns=\"http:\/\/www.w3.org\/2000\/svg\"><path d=\"M413.1 222.5l22.2 22.2c9.4 9.4 9.4 24.6 0 33.9L241 473c-9.4 9.4-24.6 9.4-33.9 0L12.7 278.6c-9.4-9.4-9.4-24.6 0-33.9l22.2-22.2c9.5-9.5 25-9.3 34.3.4L184 343.4V56c0-13.3 10.7-24 24-24h32c13.3 0 24 10.7 24 24v287.4l114.8-120.5c9.3-9.8 24.8-10 34.3-.4z\"><\/path><\/svg><\/span>\n\t\t<\/span>\n\n\t\t\t\t\t\t<\/summary>\n\t\t\t\t<div role=\"region\" aria-labelledby=\"e-n-accordion-item-2660\" class=\"elementor-element elementor-element-cd8dc98 e-con-full e-flex e-con e-child\" data-id=\"cd8dc98\" data-element_type=\"container\" data-e-type=\"container\">\n\t\t<div role=\"region\" aria-labelledby=\"e-n-accordion-item-2660\" class=\"elementor-element elementor-element-52f33ac e-flex e-con-boxed e-con e-child\" data-id=\"52f33ac\" data-element_type=\"container\" data-e-type=\"container\">\n\t\t\t\t\t<div class=\"e-con-inner\">\n\t\t\t\t<div class=\"elementor-element elementor-element-622405f elementor-widget elementor-widget-text-editor\" data-id=\"622405f\" data-element_type=\"widget\" data-e-type=\"widget\" data-widget_type=\"text-editor.default\">\n\t\t\t\t<div class=\"elementor-widget-container\">\n\t\t\t\t\t\t\t\t\t<p>Non, l\u2019intervention est courte, sans douleur importante apr\u00e8s.<\/p>\t\t\t\t\t\t\t\t<\/div>\n\t\t\t\t<\/div>\n\t\t\t\t\t<\/div>\n\t\t\t\t<\/div>\n\t\t\t\t<\/div>\n\t\t\t\t\t<\/details>\n\t\t\t\t\t\t<details id=\"e-n-accordion-item-2661\" class=\"e-n-accordion-item\" >\n\t\t\t\t<summary class=\"e-n-accordion-item-title\" data-accordion-index=\"2\" tabindex=\"-1\" aria-expanded=\"false\" aria-controls=\"e-n-accordion-item-2661\" >\n\t\t\t\t\t<span class='e-n-accordion-item-title-header'><div class=\"e-n-accordion-item-title-text\"> L\u2019enfant entend-il mieux apr\u00e8s ? <\/div><\/span>\n\t\t\t\t\t\t\t<span class='e-n-accordion-item-title-icon'>\n\t\t\t<span class='e-opened' ><svg aria-hidden=\"true\" class=\"e-font-icon-svg e-fas-arrow-up\" viewBox=\"0 0 448 512\" xmlns=\"http:\/\/www.w3.org\/2000\/svg\"><path d=\"M34.9 289.5l-22.2-22.2c-9.4-9.4-9.4-24.6 0-33.9L207 39c9.4-9.4 24.6-9.4 33.9 0l194.3 194.3c9.4 9.4 9.4 24.6 0 33.9L413 289.4c-9.5 9.5-25 9.3-34.3-.4L264 168.6V456c0 13.3-10.7 24-24 24h-32c-13.3 0-24-10.7-24-24V168.6L69.2 289.1c-9.3 9.8-24.8 10-34.3.4z\"><\/path><\/svg><\/span>\n\t\t\t<span class='e-closed'><svg aria-hidden=\"true\" class=\"e-font-icon-svg e-fas-arrow-down\" viewBox=\"0 0 448 512\" xmlns=\"http:\/\/www.w3.org\/2000\/svg\"><path d=\"M413.1 222.5l22.2 22.2c9.4 9.4 9.4 24.6 0 33.9L241 473c-9.4 9.4-24.6 9.4-33.9 0L12.7 278.6c-9.4-9.4-9.4-24.6 0-33.9l22.2-22.2c9.5-9.5 25-9.3 34.3.4L184 343.4V56c0-13.3 10.7-24 24-24h32c13.3 0 24 10.7 24 24v287.4l114.8-120.5c9.3-9.8 24.8-10 34.3-.4z\"><\/path><\/svg><\/span>\n\t\t<\/span>\n\n\t\t\t\t\t\t<\/summary>\n\t\t\t\t<div role=\"region\" aria-labelledby=\"e-n-accordion-item-2661\" class=\"elementor-element elementor-element-13a5526 e-con-full e-flex e-con e-child\" data-id=\"13a5526\" data-element_type=\"container\" data-e-type=\"container\">\n\t\t<div role=\"region\" aria-labelledby=\"e-n-accordion-item-2661\" class=\"elementor-element elementor-element-1015fb0 e-flex e-con-boxed e-con e-child\" data-id=\"1015fb0\" data-element_type=\"container\" data-e-type=\"container\">\n\t\t\t\t\t<div class=\"e-con-inner\">\n\t\t\t\t<div class=\"elementor-element elementor-element-1baae43 elementor-widget elementor-widget-text-editor\" data-id=\"1baae43\" data-element_type=\"widget\" data-e-type=\"widget\" data-widget_type=\"text-editor.default\">\n\t\t\t\t<div class=\"elementor-widget-container\">\n\t\t\t\t\t\t\t\t\t<p>Oui, et assez rapidement apr\u00e8s quelques jours, surtout s\u2019il y avait une otite s\u00e9reuse avec perte auditive.<\/p>\t\t\t\t\t\t\t\t<\/div>\n\t\t\t\t<\/div>\n\t\t\t\t\t<\/div>\n\t\t\t\t<\/div>\n\t\t\t\t<\/div>\n\t\t\t\t\t<\/details>\n\t\t\t\t\t\t<details id=\"e-n-accordion-item-2662\" class=\"e-n-accordion-item\" >\n\t\t\t\t<summary class=\"e-n-accordion-item-title\" data-accordion-index=\"3\" tabindex=\"-1\" aria-expanded=\"false\" aria-controls=\"e-n-accordion-item-2662\" >\n\t\t\t\t\t<span class='e-n-accordion-item-title-header'><div class=\"e-n-accordion-item-title-text\"> Les drains tombent-ils tout seuls ? <\/div><\/span>\n\t\t\t\t\t\t\t<span class='e-n-accordion-item-title-icon'>\n\t\t\t<span class='e-opened' ><svg aria-hidden=\"true\" class=\"e-font-icon-svg e-fas-arrow-up\" viewBox=\"0 0 448 512\" xmlns=\"http:\/\/www.w3.org\/2000\/svg\"><path d=\"M34.9 289.5l-22.2-22.2c-9.4-9.4-9.4-24.6 0-33.9L207 39c9.4-9.4 24.6-9.4 33.9 0l194.3 194.3c9.4 9.4 9.4 24.6 0 33.9L413 289.4c-9.5 9.5-25 9.3-34.3-.4L264 168.6V456c0 13.3-10.7 24-24 24h-32c-13.3 0-24-10.7-24-24V168.6L69.2 289.1c-9.3 9.8-24.8 10-34.3.4z\"><\/path><\/svg><\/span>\n\t\t\t<span class='e-closed'><svg aria-hidden=\"true\" class=\"e-font-icon-svg e-fas-arrow-down\" viewBox=\"0 0 448 512\" xmlns=\"http:\/\/www.w3.org\/2000\/svg\"><path d=\"M413.1 222.5l22.2 22.2c9.4 9.4 9.4 24.6 0 33.9L241 473c-9.4 9.4-24.6 9.4-33.9 0L12.7 278.6c-9.4-9.4-9.4-24.6 0-33.9l22.2-22.2c9.5-9.5 25-9.3 34.3.4L184 343.4V56c0-13.3 10.7-24 24-24h32c13.3 0 24 10.7 24 24v287.4l114.8-120.5c9.3-9.8 24.8-10 34.3-.4z\"><\/path><\/svg><\/span>\n\t\t<\/span>\n\n\t\t\t\t\t\t<\/summary>\n\t\t\t\t<div role=\"region\" aria-labelledby=\"e-n-accordion-item-2662\" class=\"elementor-element elementor-element-7909a30 e-con-full e-flex e-con e-child\" data-id=\"7909a30\" data-element_type=\"container\" data-e-type=\"container\">\n\t\t<div role=\"region\" aria-labelledby=\"e-n-accordion-item-2662\" class=\"elementor-element elementor-element-33cd1fe e-flex e-con-boxed e-con e-child\" data-id=\"33cd1fe\" data-element_type=\"container\" data-e-type=\"container\">\n\t\t\t\t\t<div class=\"e-con-inner\">\n\t\t\t\t<div class=\"elementor-element elementor-element-b73cfdf elementor-widget elementor-widget-text-editor\" data-id=\"b73cfdf\" data-element_type=\"widget\" data-e-type=\"widget\" data-widget_type=\"text-editor.default\">\n\t\t\t\t<div class=\"elementor-widget-container\">\n\t\t\t\t\t\t\t\t\t<p>Oui, ils tombent spontan\u00e9ment entre 6 mois et 2 ans.<\/p>\t\t\t\t\t\t\t\t<\/div>\n\t\t\t\t<\/div>\n\t\t\t\t\t<\/div>\n\t\t\t\t<\/div>\n\t\t\t\t<\/div>\n\t\t\t\t\t<\/details>\n\t\t\t\t\t\t<details id=\"e-n-accordion-item-2663\" class=\"e-n-accordion-item\" >\n\t\t\t\t<summary class=\"e-n-accordion-item-title\" data-accordion-index=\"4\" tabindex=\"-1\" aria-expanded=\"false\" aria-controls=\"e-n-accordion-item-2663\" >\n\t\t\t\t\t<span class='e-n-accordion-item-title-header'><div class=\"e-n-accordion-item-title-text\"> Faudra-t-il les remettre ? <\/div><\/span>\n\t\t\t\t\t\t\t<span class='e-n-accordion-item-title-icon'>\n\t\t\t<span class='e-opened' ><svg aria-hidden=\"true\" class=\"e-font-icon-svg e-fas-arrow-up\" viewBox=\"0 0 448 512\" xmlns=\"http:\/\/www.w3.org\/2000\/svg\"><path d=\"M34.9 289.5l-22.2-22.2c-9.4-9.4-9.4-24.6 0-33.9L207 39c9.4-9.4 24.6-9.4 33.9 0l194.3 194.3c9.4 9.4 9.4 24.6 0 33.9L413 289.4c-9.5 9.5-25 9.3-34.3-.4L264 168.6V456c0 13.3-10.7 24-24 24h-32c-13.3 0-24-10.7-24-24V168.6L69.2 289.1c-9.3 9.8-24.8 10-34.3.4z\"><\/path><\/svg><\/span>\n\t\t\t<span class='e-closed'><svg aria-hidden=\"true\" class=\"e-font-icon-svg e-fas-arrow-down\" viewBox=\"0 0 448 512\" xmlns=\"http:\/\/www.w3.org\/2000\/svg\"><path d=\"M413.1 222.5l22.2 22.2c9.4 9.4 9.4 24.6 0 33.9L241 473c-9.4 9.4-24.6 9.4-33.9 0L12.7 278.6c-9.4-9.4-9.4-24.6 0-33.9l22.2-22.2c9.5-9.5 25-9.3 34.3.4L184 343.4V56c0-13.3 10.7-24 24-24h32c13.3 0 24 10.7 24 24v287.4l114.8-120.5c9.3-9.8 24.8-10 34.3-.4z\"><\/path><\/svg><\/span>\n\t\t<\/span>\n\n\t\t\t\t\t\t<\/summary>\n\t\t\t\t<div role=\"region\" aria-labelledby=\"e-n-accordion-item-2663\" class=\"elementor-element elementor-element-94e4648 e-con-full e-flex e-con e-child\" data-id=\"94e4648\" data-element_type=\"container\" data-e-type=\"container\">\n\t\t<div role=\"region\" aria-labelledby=\"e-n-accordion-item-2663\" class=\"elementor-element elementor-element-2ec9ed3 e-flex e-con-boxed e-con e-child\" data-id=\"2ec9ed3\" data-element_type=\"container\" data-e-type=\"container\">\n\t\t\t\t\t<div class=\"e-con-inner\">\n\t\t\t\t<div class=\"elementor-element elementor-element-e330f4b elementor-widget elementor-widget-text-editor\" data-id=\"e330f4b\" data-element_type=\"widget\" data-e-type=\"widget\" data-widget_type=\"text-editor.default\">\n\t\t\t\t<div class=\"elementor-widget-container\">\n\t\t\t\t\t\t\t\t\t<p>Parfois, si les sympt\u00f4mes r\u00e9apparaissent apr\u00e8s la chute des drains.<\/p>\t\t\t\t\t\t\t\t<\/div>\n\t\t\t\t<\/div>\n\t\t\t\t\t<\/div>\n\t\t\t\t<\/div>\n\t\t\t\t<\/div>\n\t\t\t\t\t<\/details>\n\t\t\t\t\t\t<details id=\"e-n-accordion-item-2664\" class=\"e-n-accordion-item\" >\n\t\t\t\t<summary class=\"e-n-accordion-item-title\" data-accordion-index=\"5\" tabindex=\"-1\" aria-expanded=\"false\" aria-controls=\"e-n-accordion-item-2664\" >\n\t\t\t\t\t<span class='e-n-accordion-item-title-header'><div class=\"e-n-accordion-item-title-text\"> Mon enfant doit-il porter des bouchons d\u2019oreilles lors de baignades ou douches ? <\/div><\/span>\n\t\t\t\t\t\t\t<span class='e-n-accordion-item-title-icon'>\n\t\t\t<span class='e-opened' ><svg aria-hidden=\"true\" class=\"e-font-icon-svg e-fas-arrow-up\" viewBox=\"0 0 448 512\" xmlns=\"http:\/\/www.w3.org\/2000\/svg\"><path d=\"M34.9 289.5l-22.2-22.2c-9.4-9.4-9.4-24.6 0-33.9L207 39c9.4-9.4 24.6-9.4 33.9 0l194.3 194.3c9.4 9.4 9.4 24.6 0 33.9L413 289.4c-9.5 9.5-25 9.3-34.3-.4L264 168.6V456c0 13.3-10.7 24-24 24h-32c-13.3 0-24-10.7-24-24V168.6L69.2 289.1c-9.3 9.8-24.8 10-34.3.4z\"><\/path><\/svg><\/span>\n\t\t\t<span class='e-closed'><svg aria-hidden=\"true\" class=\"e-font-icon-svg e-fas-arrow-down\" viewBox=\"0 0 448 512\" xmlns=\"http:\/\/www.w3.org\/2000\/svg\"><path d=\"M413.1 222.5l22.2 22.2c9.4 9.4 9.4 24.6 0 33.9L241 473c-9.4 9.4-24.6 9.4-33.9 0L12.7 278.6c-9.4-9.4-9.4-24.6 0-33.9l22.2-22.2c9.5-9.5 25-9.3 34.3.4L184 343.4V56c0-13.3 10.7-24 24-24h32c13.3 0 24 10.7 24 24v287.4l114.8-120.5c9.3-9.8 24.8-10 34.3-.4z\"><\/path><\/svg><\/span>\n\t\t<\/span>\n\n\t\t\t\t\t\t<\/summary>\n\t\t\t\t<div role=\"region\" aria-labelledby=\"e-n-accordion-item-2664\" class=\"elementor-element elementor-element-b69a61c e-con-full e-flex e-con e-child\" data-id=\"b69a61c\" data-element_type=\"container\" data-e-type=\"container\">\n\t\t<div role=\"region\" aria-labelledby=\"e-n-accordion-item-2664\" class=\"elementor-element elementor-element-119dd41 e-flex e-con-boxed e-con e-child\" data-id=\"119dd41\" data-element_type=\"container\" data-e-type=\"container\">\n\t\t\t\t\t<div class=\"e-con-inner\">\n\t\t\t\t<div class=\"elementor-element elementor-element-c7d4f2c elementor-widget elementor-widget-text-editor\" data-id=\"c7d4f2c\" data-element_type=\"widget\" data-e-type=\"widget\" data-widget_type=\"text-editor.default\">\n\t\t\t\t<div class=\"elementor-widget-container\">\n\t\t\t\t\t\t\t\t\t<p>Les recommandations r\u00e9centes ont assoupli les restrictions concernant la baignade des enfants porteurs d\u2019a\u00e9rateurs transtympaniques, leur permettant de nager sans pr\u00e9cautions particuli\u00e8res telles que le port de bouchons d\u2019oreilles. Cependant, dans certaines situations sp\u00e9cifiques, comme la baignade en eau non chlor\u00e9e ou non propre, ou en cas d\u2019ant\u00e9c\u00e9dents d\u2019otorrh\u00e9e fr\u00e9quente, l\u2019utilisation de protections auriculaires peut \u00eatre pr\u00e9f\u00e9rable.<\/p>\t\t\t\t\t\t\t\t<\/div>\n\t\t\t\t<\/div>\n\t\t\t\t\t<\/div>\n\t\t\t\t<\/div>\n\t\t\t\t<\/div>\n\t\t\t\t\t<\/details>\n\t\t\t\t\t<\/div>\n\t\t\t\t\t\t<\/div>\n\t\t\t\t<\/div>\n\t\t\t\t\t<\/div>\n\t\t\t\t<\/div>\n\t\t\t\t<\/div>\n\t\t","protected":false},"excerpt":{"rendered":"<p>1. Qu\u2019est-ce que c\u2019est ? La pose d\u2019a\u00e9rateurs trans-tympaniques, aussi appel\u00e9s \u201cyo-yos\u201d, \u201cdrains tympaniques\u201d ou \u201cdiabolos\u201d, est une intervention ORL fr\u00e9quente chez l\u2019enfant. Elle consiste \u00e0 ins\u00e9rer un petit dispositif en plastique ou en silicone dans le tympan pour permettre une a\u00e9ration de l\u2019oreille moyenne et \u00e9vacuer le liquide qui s\u2019y accumule. Ce geste est [&hellip;]<\/p>\n","protected":false},"author":1,"featured_media":1074,"parent":0,"menu_order":0,"comment_status":"closed","ping_status":"closed","template":"","meta":{"footnotes":""},"categories":[22],"tags":[],"class_list":["post-758","page","type-page","status-publish","has-post-thumbnail","hentry","category-intervention-fr"],"_links":{"self":[{"href":"https:\/\/www.dr-boukhris.co.il\/fr\/wp-json\/wp\/v2\/pages\/758","targetHints":{"allow":["GET"]}}],"collection":[{"href":"https:\/\/www.dr-boukhris.co.il\/fr\/wp-json\/wp\/v2\/pages"}],"about":[{"href":"https:\/\/www.dr-boukhris.co.il\/fr\/wp-json\/wp\/v2\/types\/page"}],"author":[{"embeddable":true,"href":"https:\/\/www.dr-boukhris.co.il\/fr\/wp-json\/wp\/v2\/users\/1"}],"replies":[{"embeddable":true,"href":"https:\/\/www.dr-boukhris.co.il\/fr\/wp-json\/wp\/v2\/comments?post=758"}],"version-history":[{"count":2,"href":"https:\/\/www.dr-boukhris.co.il\/fr\/wp-json\/wp\/v2\/pages\/758\/revisions"}],"predecessor-version":[{"id":1088,"href":"https:\/\/www.dr-boukhris.co.il\/fr\/wp-json\/wp\/v2\/pages\/758\/revisions\/1088"}],"wp:featuredmedia":[{"embeddable":true,"href":"https:\/\/www.dr-boukhris.co.il\/fr\/wp-json\/wp\/v2\/media\/1074"}],"wp:attachment":[{"href":"https:\/\/www.dr-boukhris.co.il\/fr\/wp-json\/wp\/v2\/media?parent=758"}],"wp:term":[{"taxonomy":"category","embeddable":true,"href":"https:\/\/www.dr-boukhris.co.il\/fr\/wp-json\/wp\/v2\/categories?post=758"},{"taxonomy":"post_tag","embeddable":true,"href":"https:\/\/www.dr-boukhris.co.il\/fr\/wp-json\/wp\/v2\/tags?post=758"}],"curies":[{"name":"wp","href":"https:\/\/api.w.org\/{rel}","templated":true}]}}