{"id":689,"date":"2025-05-14T06:43:55","date_gmt":"2025-05-14T06:43:55","guid":{"rendered":"https:\/\/www.dr-boukhris.co.il\/troubles-du-sommeil-et-ronflement\/"},"modified":"2025-05-15T08:43:49","modified_gmt":"2025-05-15T08:43:49","slug":"troubles-du-sommeil-et-ronflement","status":"publish","type":"page","link":"https:\/\/www.dr-boukhris.co.il\/fr\/troubles-du-sommeil-et-ronflement\/","title":{"rendered":"Troubles du sommeil et ronflement"},"content":{"rendered":"<h3>Ronflement et troubles respiratoires nocturnes<\/h3>\n<p>Le ronflement est caus\u00e9 par une vibration des tissus de la gorge lors du passage de l\u2019air pendant le sommeil. S\u2019il est isol\u00e9, il peut \u00eatre simplement g\u00eanant pour l\u2019entourage. Mais il peut aussi \u00eatre le signe d\u2019un trouble respiratoire plus s\u00e9rieux comme une apn\u00e9e du sommeil. Un bilan ORL complet permet de rechercher une obstruction nasale ou pharyng\u00e9e, et d\u2019identifier les solutions possibles : hygi\u00e8ne de sommeil, traitement m\u00e9dical, orth\u00e8se d\u2019avanc\u00e9e mandibulaire ou chirurgie.<\/p>\n<h3>Apn\u00e9e du sommeil<\/h3>\n<p>L\u2019apn\u00e9e obstructive du sommeil est une pathologie fr\u00e9quente caract\u00e9ris\u00e9e par des pauses respiratoires r\u00e9p\u00e9t\u00e9es pendant le sommeil. Elle peut entra\u00eener fatigue, somnolence diurne, maux de t\u00eate, troubles de la concentration, et augmenter le risque cardiovasculaire. Le diagnostic repose sur un test du sommeil (polygraphie ou polysomnographie). Le choix du traitement d\u00e9pend de la s\u00e9v\u00e9rit\u00e9 de l\u2019apn\u00e9e, mais aussi d\u2019autres facteurs individuels. Il peut inclure une machine \u00e0 pression positive continue (CPAP\/ PPC), une orth\u00e8se d\u2019avanc\u00e9e mandibulaire ou une chirurgie des voies a\u00e9riennes sup\u00e9rieures (nez, voile du palais, base de langue).<\/p>\n","protected":false},"excerpt":{"rendered":"<p>Ronflements et apn\u00e9e du sommeil n\u00e9cessitent un diagnostic pr\u00e9cis et un traitement adapt\u00e9 pour am\u00e9liorer le sommeil et la sant\u00e9 globale.<\/p>\n","protected":false},"author":1,"featured_media":785,"parent":0,"menu_order":0,"comment_status":"closed","ping_status":"closed","template":"","meta":{"footnotes":""},"categories":[21],"tags":[],"class_list":["post-689","page","type-page","status-publish","has-post-thumbnail","hentry","category-consultation-fr"],"_links":{"self":[{"href":"https:\/\/www.dr-boukhris.co.il\/fr\/wp-json\/wp\/v2\/pages\/689","targetHints":{"allow":["GET"]}}],"collection":[{"href":"https:\/\/www.dr-boukhris.co.il\/fr\/wp-json\/wp\/v2\/pages"}],"about":[{"href":"https:\/\/www.dr-boukhris.co.il\/fr\/wp-json\/wp\/v2\/types\/page"}],"author":[{"embeddable":true,"href":"https:\/\/www.dr-boukhris.co.il\/fr\/wp-json\/wp\/v2\/users\/1"}],"replies":[{"embeddable":true,"href":"https:\/\/www.dr-boukhris.co.il\/fr\/wp-json\/wp\/v2\/comments?post=689"}],"version-history":[{"count":1,"href":"https:\/\/www.dr-boukhris.co.il\/fr\/wp-json\/wp\/v2\/pages\/689\/revisions"}],"predecessor-version":[{"id":842,"href":"https:\/\/www.dr-boukhris.co.il\/fr\/wp-json\/wp\/v2\/pages\/689\/revisions\/842"}],"wp:featuredmedia":[{"embeddable":true,"href":"https:\/\/www.dr-boukhris.co.il\/fr\/wp-json\/wp\/v2\/media\/785"}],"wp:attachment":[{"href":"https:\/\/www.dr-boukhris.co.il\/fr\/wp-json\/wp\/v2\/media?parent=689"}],"wp:term":[{"taxonomy":"category","embeddable":true,"href":"https:\/\/www.dr-boukhris.co.il\/fr\/wp-json\/wp\/v2\/categories?post=689"},{"taxonomy":"post_tag","embeddable":true,"href":"https:\/\/www.dr-boukhris.co.il\/fr\/wp-json\/wp\/v2\/tags?post=689"}],"curies":[{"name":"wp","href":"https:\/\/api.w.org\/{rel}","templated":true}]}}