{"id":686,"date":"2025-05-14T06:54:05","date_gmt":"2025-05-14T06:54:05","guid":{"rendered":"https:\/\/www.dr-boukhris.co.il\/chirurgie-orl-pediatrique\/"},"modified":"2025-05-15T08:47:08","modified_gmt":"2025-05-15T08:47:08","slug":"chirurgie-orl-pediatrique","status":"publish","type":"page","link":"https:\/\/www.dr-boukhris.co.il\/fr\/chirurgie-orl-pediatrique\/","title":{"rendered":"Chirurgie ORL p\u00e9diatrique"},"content":{"rendered":"\t\t<div data-elementor-type=\"wp-page\" data-elementor-id=\"686\" class=\"elementor elementor-686 elementor-342\" data-elementor-post-type=\"page\">\n\t\t\t\t<div class=\"elementor-element elementor-element-9eddf21 e-flex e-con-boxed e-con e-parent\" data-id=\"9eddf21\" data-element_type=\"container\" data-e-type=\"container\">\n\t\t\t\t\t<div class=\"e-con-inner\">\n\t\t\t\t<div class=\"elementor-element elementor-element-8b969d6 elementor-widget elementor-widget-heading\" data-id=\"8b969d6\" data-element_type=\"widget\" data-e-type=\"widget\" data-widget_type=\"heading.default\">\n\t\t\t\t<div class=\"elementor-widget-container\">\n\t\t\t\t\t<h2 class=\"elementor-heading-title elementor-size-default\">Ad\u00e9no\u00efdectomie \u2013 Ablation des v\u00e9g\u00e9tations<\/h2>\t\t\t\t<\/div>\n\t\t\t\t<\/div>\n\t\t\t\t<div class=\"elementor-element elementor-element-9850e11 elementor-widget elementor-widget-text-editor\" data-id=\"9850e11\" data-element_type=\"widget\" data-e-type=\"widget\" data-widget_type=\"text-editor.default\">\n\t\t\t\t<div class=\"elementor-widget-container\">\n\t\t\t\t\t\t\t\t\t<p>L\u2019ad\u00e9no\u00efdectomie est une intervention courante en ORL p\u00e9diatrique, qui consiste \u00e0 retirer les v\u00e9g\u00e9tations ad\u00e9no\u00efdes (ou \u201cv\u00e9g\u00e9tations\u201d), situ\u00e9es derri\u00e8re le nez. Ces tissus peuvent devenir hypertrophi\u00e9s chez l\u2019enfant et provoquer une obstruction nasale chronique, des ronflements nocturnes, une respiration buccale, ou encore des otites \u00e0 r\u00e9p\u00e9tition. <br><br>L\u2019ablation des v\u00e9g\u00e9tations am\u00e9liore la respiration nasale, le sommeil, la qualit\u00e9 de vie et limite le recours aux antibiotiques. L\u2019intervention est r\u00e9alis\u00e9e par la bouche, sans cicatrice, sous anesth\u00e9sie g\u00e9n\u00e9rale, en ambulatoire. Elle peut \u00eatre associ\u00e9e \u00e0 une amygdalectomie ou \u00e0 la pose de yoyos(drains dans les tympans), selon les cas.  <\/p>\t\t\t\t\t\t\t\t<\/div>\n\t\t\t\t<\/div>\n\t\t\t\t<div class=\"elementor-element elementor-element-3f78aa5 elementor-widget-divider--view-line elementor-widget elementor-widget-divider\" data-id=\"3f78aa5\" data-element_type=\"widget\" data-e-type=\"widget\" data-widget_type=\"divider.default\">\n\t\t\t\t<div class=\"elementor-widget-container\">\n\t\t\t\t\t\t\t<div class=\"elementor-divider\">\n\t\t\t<span class=\"elementor-divider-separator\">\n\t\t\t\t\t\t<\/span>\n\t\t<\/div>\n\t\t\t\t\t\t<\/div>\n\t\t\t\t<\/div>\n\t\t\t\t<div class=\"elementor-element elementor-element-fea9a0b elementor-widget elementor-widget-heading\" data-id=\"fea9a0b\" data-element_type=\"widget\" data-e-type=\"widget\" data-widget_type=\"heading.default\">\n\t\t\t\t<div class=\"elementor-widget-container\">\n\t\t\t\t\t<h2 class=\"elementor-heading-title elementor-size-default\">Amygdalectomie \u2013 Ablation ou r\u00e9duction des amygdales<\/h2>\t\t\t\t<\/div>\n\t\t\t\t<\/div>\n\t\t\t\t<div class=\"elementor-element elementor-element-b80cb6f elementor-widget elementor-widget-text-editor\" data-id=\"b80cb6f\" data-element_type=\"widget\" data-e-type=\"widget\" data-widget_type=\"text-editor.default\">\n\t\t\t\t<div class=\"elementor-widget-container\">\n\t\t\t\t\t\t\t\t\t<p>L\u2019amygdalectomie est indiqu\u00e9e chez l\u2019enfant en cas d\u2019angines \u00e0 r\u00e9p\u00e9tition, d\u2019amygdales tr\u00e8s volumineuses causant une g\u00eane respiratoire ou un syndrome d\u2019apn\u00e9es du sommeil.<br><br>Il existe deux techniques principales :<br>\u2022 L\u2019amygdalectomie classique, qui retire compl\u00e8tement les amygdales.<br>\u2022 La r\u00e9duction amygdalienne par Coblation, une m\u00e9thode plus douce qui conserve une partie des tissus tout en r\u00e9duisant leur volume, avec moins de douleur et de saignements.<br><br>Le choix de la technique d\u00e9pend de l\u2019\u00e2ge de l\u2019enfant, des ant\u00e9c\u00e9dents et des objectifs du traitement (infectieux ou obstructif). L\u2019intervention est courte, bien tol\u00e9r\u00e9e, et permet une nette am\u00e9lioration du sommeil, de la respiration et de la sant\u00e9 g\u00e9n\u00e9rale. <\/p>\t\t\t\t\t\t\t\t<\/div>\n\t\t\t\t<\/div>\n\t\t\t\t<div class=\"elementor-element elementor-element-6101884 elementor-widget-divider--view-line elementor-widget elementor-widget-divider\" data-id=\"6101884\" data-element_type=\"widget\" data-e-type=\"widget\" data-widget_type=\"divider.default\">\n\t\t\t\t<div class=\"elementor-widget-container\">\n\t\t\t\t\t\t\t<div class=\"elementor-divider\">\n\t\t\t<span class=\"elementor-divider-separator\">\n\t\t\t\t\t\t<\/span>\n\t\t<\/div>\n\t\t\t\t\t\t<\/div>\n\t\t\t\t<\/div>\n\t\t\t\t<div class=\"elementor-element elementor-element-d15b0a1 elementor-widget elementor-widget-heading\" data-id=\"d15b0a1\" data-element_type=\"widget\" data-e-type=\"widget\" data-widget_type=\"heading.default\">\n\t\t\t\t<div class=\"elementor-widget-container\">\n\t\t\t\t\t<h2 class=\"elementor-heading-title elementor-size-default\">Pose de yoyos \u2013 Drains transtympaniques<\/h2>\t\t\t\t<\/div>\n\t\t\t\t<\/div>\n\t\t\t\t<div class=\"elementor-element elementor-element-4915cff elementor-widget elementor-widget-text-editor\" data-id=\"4915cff\" data-element_type=\"widget\" data-e-type=\"widget\" data-widget_type=\"text-editor.default\">\n\t\t\t\t<div class=\"elementor-widget-container\">\n\t\t\t\t\t\t\t\t\t<p>La pose de yoyos (ou a\u00e9rateurs transtympaniques) est une intervention tr\u00e8s fr\u00e9quente en ORL p\u00e9diatrique, destin\u00e9e aux enfants souffrant d\u2019otites s\u00e9reuses chroniques (avec liquide derri\u00e8re le tympan) avec une baisse d\u2019audition li\u00e9e \u00e0 une mauvaise a\u00e9ration de l\u2019oreille moyenne, ou des otites infectieuses \u00e0 r\u00e9p\u00e9titions.<br><br>Le geste consiste \u00e0 faire une petite incision dans le tympan (paracent\u00e8se) et \u00e0 y placer un mini-drainqui permettra d\u2019a\u00e9rer durablement l\u2019oreille. L\u2019intervention est rapide, indolore, r\u00e9alis\u00e9e sous anesth\u00e9sie g\u00e9n\u00e9rale, souvent en m\u00eame temps qu\u2019une ad\u00e9no\u00efdectomie. Elle am\u00e9liore rapidement l\u2019audition, limite les infections, et favorise un d\u00e9veloppement normal du langage.  <\/p>\t\t\t\t\t\t\t\t<\/div>\n\t\t\t\t<\/div>\n\t\t\t\t<div class=\"elementor-element elementor-element-a9e5086 elementor-widget-divider--view-line elementor-widget elementor-widget-divider\" data-id=\"a9e5086\" data-element_type=\"widget\" data-e-type=\"widget\" data-widget_type=\"divider.default\">\n\t\t\t\t<div class=\"elementor-widget-container\">\n\t\t\t\t\t\t\t<div class=\"elementor-divider\">\n\t\t\t<span class=\"elementor-divider-separator\">\n\t\t\t\t\t\t<\/span>\n\t\t<\/div>\n\t\t\t\t\t\t<\/div>\n\t\t\t\t<\/div>\n\t\t\t\t<div class=\"elementor-element elementor-element-fa53723 elementor-widget elementor-widget-heading\" data-id=\"fa53723\" data-element_type=\"widget\" data-e-type=\"widget\" data-widget_type=\"heading.default\">\n\t\t\t\t<div class=\"elementor-widget-container\">\n\t\t\t\t\t<h2 class=\"elementor-heading-title elementor-size-default\">Frenotomie \u2013 Correction d\u2019un frein de langue trop court<\/h2>\t\t\t\t<\/div>\n\t\t\t\t<\/div>\n\t\t\t\t<div class=\"elementor-element elementor-element-fde1555 elementor-widget elementor-widget-text-editor\" data-id=\"fde1555\" data-element_type=\"widget\" data-e-type=\"widget\" data-widget_type=\"text-editor.default\">\n\t\t\t\t<div class=\"elementor-widget-container\">\n\t\t\t\t\t\t\t\t\t<p>Un frein de langue trop court (ankyloglossie) peut g\u00eaner l\u2019allaitement, la succion, puis plus tard l\u2019articulation de certains sons ou la mobilit\u00e9 de la langue. Cette anomalie est rep\u00e9r\u00e9e d\u00e8s la naissance ou dans les premi\u00e8res ann\u00e9es de vie. <br><br>La frenotomie est un geste simple qui consiste \u00e0 sectionner le frein de la langue, souvent sans anesth\u00e9sie chez le nourrisson, ou sous anesth\u00e9sie locale ou g\u00e9n\u00e9rale selon l\u2019\u00e2ge. Il peut \u00eatre r\u00e9alis\u00e9 au cabinet ou en bloc op\u00e9ratoire. L\u2019intervention am\u00e9liore rapidement la mobilit\u00e9 linguale, la prise alimentaire et la phonation, surtout si elle est accompagn\u00e9e d\u2019un suivi orthophonique si n\u00e9cessaire.  <\/p>\t\t\t\t\t\t\t\t<\/div>\n\t\t\t\t<\/div>\n\t\t\t\t\t<\/div>\n\t\t\t\t<\/div>\n\t\t\t\t<\/div>\n\t\t","protected":false},"excerpt":{"rendered":"<p>Chirurgie ORL p\u00e9diatrique pour traiter les troubles de la respiration, du sommeil, de l\u2019audition et de la parole \u2013 incluant amygdales, v\u00e9g\u00e9tations, drains tympaniques et frein de langue.<\/p>\n","protected":false},"author":1,"featured_media":0,"parent":0,"menu_order":0,"comment_status":"closed","ping_status":"closed","template":"","meta":{"footnotes":""},"categories":[20],"tags":[],"class_list":["post-686","page","type-page","status-publish","hentry","category-chirurgie-fr"],"_links":{"self":[{"href":"https:\/\/www.dr-boukhris.co.il\/fr\/wp-json\/wp\/v2\/pages\/686","targetHints":{"allow":["GET"]}}],"collection":[{"href":"https:\/\/www.dr-boukhris.co.il\/fr\/wp-json\/wp\/v2\/pages"}],"about":[{"href":"https:\/\/www.dr-boukhris.co.il\/fr\/wp-json\/wp\/v2\/types\/page"}],"author":[{"embeddable":true,"href":"https:\/\/www.dr-boukhris.co.il\/fr\/wp-json\/wp\/v2\/users\/1"}],"replies":[{"embeddable":true,"href":"https:\/\/www.dr-boukhris.co.il\/fr\/wp-json\/wp\/v2\/comments?post=686"}],"version-history":[{"count":2,"href":"https:\/\/www.dr-boukhris.co.il\/fr\/wp-json\/wp\/v2\/pages\/686\/revisions"}],"predecessor-version":[{"id":848,"href":"https:\/\/www.dr-boukhris.co.il\/fr\/wp-json\/wp\/v2\/pages\/686\/revisions\/848"}],"wp:attachment":[{"href":"https:\/\/www.dr-boukhris.co.il\/fr\/wp-json\/wp\/v2\/media?parent=686"}],"wp:term":[{"taxonomy":"category","embeddable":true,"href":"https:\/\/www.dr-boukhris.co.il\/fr\/wp-json\/wp\/v2\/categories?post=686"},{"taxonomy":"post_tag","embeddable":true,"href":"https:\/\/www.dr-boukhris.co.il\/fr\/wp-json\/wp\/v2\/tags?post=686"}],"curies":[{"name":"wp","href":"https:\/\/api.w.org\/{rel}","templated":true}]}}