{"id":682,"date":"2025-05-14T06:53:20","date_gmt":"2025-05-14T06:53:20","guid":{"rendered":"https:\/\/www.dr-boukhris.co.il\/chirurgie-du-sommeil-et-du-ronflement\/"},"modified":"2025-05-15T08:47:52","modified_gmt":"2025-05-15T08:47:52","slug":"chirurgie-du-sommeil-et-du-ronflement","status":"publish","type":"page","link":"https:\/\/www.dr-boukhris.co.il\/fr\/chirurgie-du-sommeil-et-du-ronflement\/","title":{"rendered":"Chirurgie du sommeil et du ronflement"},"content":{"rendered":"\t\t<div data-elementor-type=\"wp-page\" data-elementor-id=\"682\" class=\"elementor elementor-682 elementor-338\" data-elementor-post-type=\"page\">\n\t\t\t\t<div class=\"elementor-element elementor-element-55976cd e-flex e-con-boxed e-con e-parent\" data-id=\"55976cd\" data-element_type=\"container\" data-e-type=\"container\">\n\t\t\t\t\t<div class=\"e-con-inner\">\n\t\t\t\t<div class=\"elementor-element elementor-element-d398cb1 elementor-widget elementor-widget-heading\" data-id=\"d398cb1\" data-element_type=\"widget\" data-e-type=\"widget\" data-widget_type=\"heading.default\">\n\t\t\t\t<div class=\"elementor-widget-container\">\n\t\t\t\t\t<h2 class=\"elementor-heading-title elementor-size-default\">Endoscopie du sommeil (DISE)<\/h2>\t\t\t\t<\/div>\n\t\t\t\t<\/div>\n\t\t\t\t<div class=\"elementor-element elementor-element-8e42541 elementor-widget elementor-widget-text-editor\" data-id=\"8e42541\" data-element_type=\"widget\" data-e-type=\"widget\" data-widget_type=\"text-editor.default\">\n\t\t\t\t<div class=\"elementor-widget-container\">\n\t\t\t\t\t\t\t\t\t<p>L\u2019endoscopie du sommeil, aussi appel\u00e9e DISE (Drug-Induced Sleep Endoscopy), est un examen essentiel dans le bilan de l\u2019apn\u00e9e du sommeil. R\u00e9alis\u00e9e sous s\u00e9dation l\u00e9g\u00e8re, cette proc\u00e9dure simule le sommeil du patient tout en permettant une exploration directe des voies respiratoires \u00e0 l\u2019aide d\u2019un endoscope souple introduit par le nez. <br><br>L\u2019objectif est d\u2019identifier avec pr\u00e9cision les zones d\u2019obstruction (voile du palais, base de langue, \u00e9piglotte\u2026) qui causent une apn\u00e9e obstructive ou des ronflements r\u00e9sistants. L\u2019endoscopie du sommeil est souvent r\u00e9alis\u00e9e avant une chirurgie du sommeil ou la mise en place d\u2019une orth\u00e8se. Elle permet de personnaliser l\u2019approche th\u00e9rapeutique et d\u2019augmenter l\u2019efficacit\u00e9 du traitement. <\/p>\t\t\t\t\t\t\t\t<\/div>\n\t\t\t\t<\/div>\n\t\t\t\t<div class=\"elementor-element elementor-element-dac5190 elementor-widget-divider--view-line elementor-widget elementor-widget-divider\" data-id=\"dac5190\" data-element_type=\"widget\" data-e-type=\"widget\" data-widget_type=\"divider.default\">\n\t\t\t\t<div class=\"elementor-widget-container\">\n\t\t\t\t\t\t\t<div class=\"elementor-divider\">\n\t\t\t<span class=\"elementor-divider-separator\">\n\t\t\t\t\t\t<\/span>\n\t\t<\/div>\n\t\t\t\t\t\t<\/div>\n\t\t\t\t<\/div>\n\t\t\t\t<div class=\"elementor-element elementor-element-1142068 elementor-widget elementor-widget-heading\" data-id=\"1142068\" data-element_type=\"widget\" data-e-type=\"widget\" data-widget_type=\"heading.default\">\n\t\t\t\t<div class=\"elementor-widget-container\">\n\t\t\t\t\t<h2 class=\"elementor-heading-title elementor-size-default\">Pharyngoplastie avanc\u00e9e (Barbed, Expansion, UPPP modifi\u00e9e)<\/h2>\t\t\t\t<\/div>\n\t\t\t\t<\/div>\n\t\t\t\t<div class=\"elementor-element elementor-element-5df7a32 elementor-widget elementor-widget-text-editor\" data-id=\"5df7a32\" data-element_type=\"widget\" data-e-type=\"widget\" data-widget_type=\"text-editor.default\">\n\t\t\t\t<div class=\"elementor-widget-container\">\n\t\t\t\t\t\t\t\t\t<p>La pharyngoplastie est une technique chirurgicale qui vise \u00e0 \u00e9largir les voies respiratoires au niveau du pharynx, particuli\u00e8rement utile dans les cas d\u2019apn\u00e9e obstructive du sommeil. Contrairement aux anciennes techniques plus agressives, les pharyngoplasties modernes (comme la Barbed Reposition Pharyngoplasty ou l\u2019Expansion Sphincter Pharyngoplasty) permettent une restructuration dynamique des tissus mous sans ablation massive. <br><br>Gr\u00e2ce \u00e0 l\u2019utilisation de fils barbel\u00e9s r\u00e9sorbables (barbed sutures), ces techniques offrent de meilleurs r\u00e9sultats, avec moins de douleurs post-op\u00e9ratoires et beaucoup moins de risques de complications. Elles sont indiqu\u00e9es chez les patients pr\u00e9sentant une obstruction pharyng\u00e9e objectiv\u00e9e lors d\u2019une endoscopie du sommeil, et peuvent \u00eatre combin\u00e9es \u00e0 d\u2019autres gestes (nez, base de langue).  <\/p>\t\t\t\t\t\t\t\t<\/div>\n\t\t\t\t<\/div>\n\t\t\t\t<div class=\"elementor-element elementor-element-96b775b elementor-widget-divider--view-line elementor-widget elementor-widget-divider\" data-id=\"96b775b\" data-element_type=\"widget\" data-e-type=\"widget\" data-widget_type=\"divider.default\">\n\t\t\t\t<div class=\"elementor-widget-container\">\n\t\t\t\t\t\t\t<div class=\"elementor-divider\">\n\t\t\t<span class=\"elementor-divider-separator\">\n\t\t\t\t\t\t<\/span>\n\t\t<\/div>\n\t\t\t\t\t\t<\/div>\n\t\t\t\t<\/div>\n\t\t\t\t<div class=\"elementor-element elementor-element-24bcf5d elementor-widget elementor-widget-heading\" data-id=\"24bcf5d\" data-element_type=\"widget\" data-e-type=\"widget\" data-widget_type=\"heading.default\">\n\t\t\t\t<div class=\"elementor-widget-container\">\n\t\t\t\t\t<h2 class=\"elementor-heading-title elementor-size-default\">R\u00e9duction des amygdales par Coblation<\/h2>\t\t\t\t<\/div>\n\t\t\t\t<\/div>\n\t\t\t\t<div class=\"elementor-element elementor-element-f5abee8 elementor-widget elementor-widget-text-editor\" data-id=\"f5abee8\" data-element_type=\"widget\" data-e-type=\"widget\" data-widget_type=\"text-editor.default\">\n\t\t\t\t<div class=\"elementor-widget-container\">\n\t\t\t\t\t\t\t\t\t<p>La r\u00e9duction amygdalienne par technologie Coblation est une alternative moderne \u00e0 l\u2019amygdalectomie classique, particuli\u00e8rement adapt\u00e9e aux adultes souffrant de ronflements ou d\u2019apn\u00e9e en lien avec des amygdales hypertrophi\u00e9es, ou encore souffrant de calculs amygdaliens (caseum). Cette technique utilise une \u00e9nergie \u00e0 basse temp\u00e9rature pour r\u00e9duire le volume des amygdales de mani\u00e8re cibl\u00e9e, tout en pr\u00e9servant les tissus sains environnants.  <br><br>La Coblation provoque moins de douleur et de saignements que les m\u00e9thodes traditionnelles, avec un retour plus rapide \u00e0 une alimentation normale. Elle peut \u00eatre r\u00e9alis\u00e9e seule ou en compl\u00e9ment d\u2019une pharyngoplastie. <\/p>\t\t\t\t\t\t\t\t<\/div>\n\t\t\t\t<\/div>\n\t\t\t\t<div class=\"elementor-element elementor-element-92e0c68 elementor-widget-divider--view-line elementor-widget elementor-widget-divider\" data-id=\"92e0c68\" data-element_type=\"widget\" data-e-type=\"widget\" data-widget_type=\"divider.default\">\n\t\t\t\t<div class=\"elementor-widget-container\">\n\t\t\t\t\t\t\t<div class=\"elementor-divider\">\n\t\t\t<span class=\"elementor-divider-separator\">\n\t\t\t\t\t\t<\/span>\n\t\t<\/div>\n\t\t\t\t\t\t<\/div>\n\t\t\t\t<\/div>\n\t\t\t\t<div class=\"elementor-element elementor-element-bc5ba3b elementor-widget elementor-widget-heading\" data-id=\"bc5ba3b\" data-element_type=\"widget\" data-e-type=\"widget\" data-widget_type=\"heading.default\">\n\t\t\t\t<div class=\"elementor-widget-container\">\n\t\t\t\t\t<h2 class=\"elementor-heading-title elementor-size-default\">Chirurgie de la base de langue (TORS ou Coblation)<\/h2>\t\t\t\t<\/div>\n\t\t\t\t<\/div>\n\t\t\t\t<div class=\"elementor-element elementor-element-f74c5bb elementor-widget elementor-widget-text-editor\" data-id=\"f74c5bb\" data-element_type=\"widget\" data-e-type=\"widget\" data-widget_type=\"text-editor.default\">\n\t\t\t\t<div class=\"elementor-widget-container\">\n\t\t\t\t\t\t\t\t\t<p>Chez certains patients souffrant d\u2019apn\u00e9e s\u00e9v\u00e8re du sommeil, l\u2019obstruction se situe principalement au niveau de la base de la langue, qui recule pendant le sommeil et bloque le passage de l\u2019air. Deux approches chirurgicales permettent de traiter cette zone :<br>\u2022 La r\u00e9duction linguale par Coblation, qui utilise une \u00e9nergie contr\u00f4l\u00e9e pour diminuer le volume des tissus,<br>\u2022 La chirurgie robotique transorale (TORS), qui permet un acc\u00e8s pr\u00e9cis et s\u00fbr \u00e0 la base de langue, avec des gestes plus larges, sous assistance robotique. <br><br>Ces techniques sont indiqu\u00e9es apr\u00e8s un bilan approfondi (notamment une endoscopie du sommeil) et sont int\u00e9gr\u00e9es dans une prise en charge multidisciplinaire de l\u2019apn\u00e9e obstructive du sommeil.<\/p>\t\t\t\t\t\t\t\t<\/div>\n\t\t\t\t<\/div>\n\t\t\t\t\t<\/div>\n\t\t\t\t<\/div>\n\t\t\t\t<\/div>\n\t\t","protected":false},"excerpt":{"rendered":"<p>Interventions chirurgicales pour identifier et traiter les obstructions des voies respiratoires pendant le sommeil, afin d&rsquo;am\u00e9liorer la respiration et r\u00e9duire les ronflements et l\u2019apn\u00e9e du sommeil.<\/p>\n","protected":false},"author":1,"featured_media":0,"parent":0,"menu_order":0,"comment_status":"closed","ping_status":"closed","template":"","meta":{"footnotes":""},"categories":[20],"tags":[],"class_list":["post-682","page","type-page","status-publish","hentry","category-chirurgie-fr"],"_links":{"self":[{"href":"https:\/\/www.dr-boukhris.co.il\/fr\/wp-json\/wp\/v2\/pages\/682","targetHints":{"allow":["GET"]}}],"collection":[{"href":"https:\/\/www.dr-boukhris.co.il\/fr\/wp-json\/wp\/v2\/pages"}],"about":[{"href":"https:\/\/www.dr-boukhris.co.il\/fr\/wp-json\/wp\/v2\/types\/page"}],"author":[{"embeddable":true,"href":"https:\/\/www.dr-boukhris.co.il\/fr\/wp-json\/wp\/v2\/users\/1"}],"replies":[{"embeddable":true,"href":"https:\/\/www.dr-boukhris.co.il\/fr\/wp-json\/wp\/v2\/comments?post=682"}],"version-history":[{"count":2,"href":"https:\/\/www.dr-boukhris.co.il\/fr\/wp-json\/wp\/v2\/pages\/682\/revisions"}],"predecessor-version":[{"id":850,"href":"https:\/\/www.dr-boukhris.co.il\/fr\/wp-json\/wp\/v2\/pages\/682\/revisions\/850"}],"wp:attachment":[{"href":"https:\/\/www.dr-boukhris.co.il\/fr\/wp-json\/wp\/v2\/media?parent=682"}],"wp:term":[{"taxonomy":"category","embeddable":true,"href":"https:\/\/www.dr-boukhris.co.il\/fr\/wp-json\/wp\/v2\/categories?post=682"},{"taxonomy":"post_tag","embeddable":true,"href":"https:\/\/www.dr-boukhris.co.il\/fr\/wp-json\/wp\/v2\/tags?post=682"}],"curies":[{"name":"wp","href":"https:\/\/api.w.org\/{rel}","templated":true}]}}